{"id":42,"date":"2021-05-31T09:57:54","date_gmt":"2021-05-31T07:57:54","guid":{"rendered":"https:\/\/atelierdeschoses.org\/?page_id=42"},"modified":"2021-05-31T10:32:11","modified_gmt":"2021-05-31T08:32:11","slug":"les-ateliers","status":"publish","type":"page","link":"https:\/\/atelierdeschoses.org\/index.php\/les-ateliers\/","title":{"rendered":"Les Ateliers"},"content":{"rendered":"<p>[et_pb_section fb_built=&#8221;1&#8243; fullwidth=&#8221;on&#8221; disabled_on=&#8221;off|off|off&#8221; admin_label=&#8221;Hero&#8221; _builder_version=&#8221;3.22&#8243; background_color=&#8221;#1f1f1f&#8221; parallax=&#8221;on&#8221; custom_padding=&#8221;|||&#8221; transparent_background=&#8221;on&#8221;][et_pb_fullwidth_header title=&#8221;Les Ateliers&#8221; text_orientation=&#8221;center&#8221; background_overlay_color=&#8221;rgba(31,31,31,0.85)&#8221; subhead_font_color=&#8221;#bebebe&#8221; _builder_version=&#8221;3.16&#8243; title_font=&#8221;Playfair Display||||&#8221; title_text_color=&#8221;#ffffff&#8221; title_font_size=&#8221;72px&#8221; title_line_height=&#8221;1.3em&#8221; content_font=&#8221;Montserrat||||&#8221; content_text_color=&#8221;#bfbfbf&#8221; content_font_size=&#8221;19px&#8221; content_line_height=&#8221;1.8em&#8221; subhead_font=&#8221;Montserrat||||&#8221; subhead_text_color=&#8221;#bebebe&#8221; subhead_line_height=&#8221;1.8em&#8221; background_color=&#8221;rgba(255, 255, 255, 0)&#8221; background_image=&#8221;https:\/\/atelierdeschoses.org\/wp-content\/uploads\/2021\/05\/restaurant-hero-02.jpg&#8221; parallax=&#8221;on&#8221; parallax_method=&#8221;on&#8221; custom_padding=&#8221;5%||5%|&#8221; animation_style=&#8221;zoom&#8221; animation_duration=&#8221;1500ms&#8221; animation_intensity_zoom=&#8221;4%&#8221; title_line_height_last_edited=&#8221;off|desktop&#8221; button_one_text_size__hover_enabled=&#8221;off&#8221; button_two_text_size__hover_enabled=&#8221;off&#8221; button_one_text_color__hover_enabled=&#8221;off&#8221; button_two_text_color__hover_enabled=&#8221;off&#8221; button_one_border_width__hover_enabled=&#8221;off&#8221; button_two_border_width__hover_enabled=&#8221;off&#8221; button_one_border_color__hover_enabled=&#8221;off&#8221; button_two_border_color__hover_enabled=&#8221;off&#8221; button_one_border_radius__hover_enabled=&#8221;off&#8221; button_two_border_radius__hover_enabled=&#8221;off&#8221; button_one_letter_spacing__hover_enabled=&#8221;off&#8221; button_two_letter_spacing__hover_enabled=&#8221;off&#8221; button_one_bg_color__hover_enabled=&#8221;off&#8221; button_two_bg_color__hover_enabled=&#8221;off&#8221;]<\/p>\n<p>&nbsp;<\/p>\n<p>Bonjour, vous trouverez ici tous les ateliers que nous proposons, n&#8217;h\u00e9sitez pas \u00e0 nous contacter pour des ateliers priv\u00e9s, ou pour tout autre renseignements&#8230; \ud83d\ude42<\/p>\n<p>&nbsp;<\/p>\n<p>[\/et_pb_fullwidth_header][\/et_pb_section][et_pb_section fb_built=&#8221;1&#8243; admin_label=&#8221;Blog&#8221; _builder_version=&#8221;3.22&#8243; background_color=&#8221;rgba(0,0,0,0.03)&#8221; background_size=&#8221;initial&#8221; background_position=&#8221;top_left&#8221; custom_padding=&#8221;5px|0px|100px|0px||&#8221; collapsed=&#8221;off&#8221;][et_pb_row use_custom_gutter=&#8221;on&#8221; _builder_version=&#8221;3.25&#8243; background_size=&#8221;initial&#8221; background_position=&#8221;top_left&#8221; background_repeat=&#8221;repeat&#8221; max_width=&#8221;1280px&#8221; custom_margin=&#8221;|||&#8221; custom_padding=&#8221;|||&#8221; use_custom_width=&#8221;on&#8221; custom_width_px=&#8221;1280px&#8221;][et_pb_column type=&#8221;4_4&#8243; _builder_version=&#8221;3.25&#8243; background_position=&#8221;top_left&#8221; custom_padding=&#8221;|||&#8221; custom_padding__hover=&#8221;|||&#8221;][et_pb_blog fullwidth=&#8221;off&#8221; posts_number=&#8221;9&#8243; include_categories=&#8221;30,29&#8243; show_author=&#8221;off&#8221; show_date=&#8221;off&#8221; show_pagination=&#8221;off&#8221; _builder_version=&#8221;3.0.94&#8243; header_font=&#8221;Montserrat||||&#8221; header_text_color=&#8221;#1f1f1f&#8221; header_font_size=&#8221;18px&#8221; body_font=&#8221;Montserrat||||&#8221; body_text_color=&#8221;#999999&#8243; body_font_size=&#8221;15px&#8221; meta_font=&#8221;Montserrat|on||on|&#8221; meta_text_color=&#8221;#c39d63&#8243; meta_font_size=&#8221;11px&#8221; meta_letter_spacing=&#8221;2px&#8221; meta_line_height=&#8221;1.9em&#8221; pagination_font=&#8221;Montserrat||||&#8221; pagination_text_color=&#8221;#c39d63&#8243; border_width_all=&#8221;0px&#8221; border_color_all=&#8221;#d8d8d8&#8243; border_style_all=&#8221;solid&#8221; border_width_all_fullwidth=&#8221;0px&#8221; border_color_all_fullwidth=&#8221;#d8d8d8&#8243; border_style_all_fullwidth=&#8221;solid&#8221; use_border_color=&#8221;on&#8221; border_width=&#8221;0px&#8221;][\/et_pb_blog][\/et_pb_column][\/et_pb_row][\/et_pb_section][et_pb_section fb_built=&#8221;1&#8243; admin_label=&#8221;Contact Us&#8221; _builder_version=&#8221;4.9.4&#8243; background_color=&#8221;rgba(0,0,0,0.75)&#8221; background_image=&#8221;https:\/\/atelierdeschoses.org\/wp-content\/uploads\/2021\/05\/restaurant-hero-03.jpg&#8221; background_blend=&#8221;color&#8221; custom_padding=&#8221;100px|0px|3px|0px||&#8221; hover_enabled=&#8221;0&#8243; locked=&#8221;off&#8221; collapsed=&#8221;off&#8221; filter_brightness=&#8221;101%&#8221; sticky_enabled=&#8221;0&#8243;][et_pb_row make_equal=&#8221;on&#8221; _builder_version=&#8221;4.9.4&#8243; background_size=&#8221;initial&#8221; background_position=&#8221;top_left&#8221; background_repeat=&#8221;repeat&#8221; max_width=&#8221;1280px&#8221; custom_margin=&#8221;|||&#8221; custom_padding=&#8221;1px|||||&#8221; hover_enabled=&#8221;0&#8243; use_custom_width=&#8221;on&#8221; custom_width_px=&#8221;1280px&#8221; column_structure=&#8221;1_2,1_2&#8243; sticky_enabled=&#8221;0&#8243;][et_pb_column type=&#8221;1_2&#8243; _builder_version=&#8221;3.25&#8243; background_color=&#8221;#1f1f1f&#8221; custom_padding=&#8221;100px|5%|100px|5%&#8221; custom_padding__hover=&#8221;|||&#8221;][et_pb_divider show_divider=&#8221;off&#8221; disabled_on=&#8221;on|on|off&quot;%22%22%22&#8243; _builder_version=&#8221;3.2&#8243; max_width=&#8221;400px&#8221; module_alignment=&#8221;center&#8221; height=&#8221;2px&#8221; custom_margin=&#8221;||0px|&#8221; custom_padding=&#8221;|||&#8221; animation_style=&#8221;zoom&#8221; animation_intensity_zoom=&#8221;20%&#8221;][\/et_pb_divider][et_pb_text _builder_version=&#8221;4.9.4&#8243; text_font=&#8221;Montserrat||||&#8221; text_text_color=&#8221;#ffffff&#8221; text_font_size=&#8221;15px&#8221; text_letter_spacing=&#8221;1px&#8221; text_line_height=&#8221;1.9em&#8221; background_size=&#8221;initial&#8221; background_position=&#8221;top_left&#8221; background_repeat=&#8221;repeat&#8221; text_orientation=&#8221;center&#8221; module_alignment=&#8221;center&#8221; custom_margin=&#8221;12px||12px|&#8221; animation_style=&#8221;zoom&#8221; animation_intensity_zoom=&#8221;20%&#8221; hover_enabled=&#8221;0&#8243; locked=&#8221;off&#8221; sticky_enabled=&#8221;0&#8243; custom_padding=&#8221;||0px|||&#8221;]<\/p>\n<p style=\"text-align: center;\"><iframe src=\"https:\/\/www.helloasso.com\/associations\/atelier-des-choses\/adhesions\/adhesion-association-atelier-des-choses\/widget-vignette\" id=\"idIframe\" style=\"width: 350px; height: 450px; border: none;\" border=\"0\"><\/iframe><\/p>\n<p>[\/et_pb_text][\/et_pb_column][et_pb_column type=&#8221;1_2&#8243; _builder_version=&#8221;3.25&#8243; background_color=&#8221;#1f1f1f&#8221; custom_padding=&#8221;100px|5%|100px|5%&#8221; custom_padding__hover=&#8221;|||&#8221;][et_pb_text _builder_version=&#8221;4.9.4&#8243; text_font=&#8221;Montserrat||||&#8221; text_text_color=&#8221;rgba(255,255,255,0.8)&#8221; text_font_size=&#8221;17px&#8221; text_line_height=&#8221;1.8em&#8221; header_font=&#8221;||||||||&#8221; header_font_size=&#8221;24px&#8221; header_3_font=&#8221;||||||||&#8221; background_size=&#8221;initial&#8221; background_position=&#8221;top_left&#8221; background_repeat=&#8221;repeat&#8221; text_orientation=&#8221;center&#8221; background_layout=&#8221;dark&#8221; module_alignment=&#8221;center&#8221; hover_enabled=&#8221;0&#8243; sticky_enabled=&#8221;0&#8243;]<\/p>\n<h3>Vous voulez un rensignement ?<\/h3>\n<p>Ne soyez pas timide, posez vos questions <img decoding=\"async\" src=\"https:\/\/atelierdeschoses.org\/wp-content\/themes\/Divi\/includes\/builder\/frontend-builder\/assets\/vendors\/plugins\/emoticons\/img\/smiley-laughing.gif\" alt=\"laughing\" \/><\/p>\n<p>[\/et_pb_text][et_pb_contact_form captcha=&#8221;off&#8221; email=&#8221;sofgalliano@hotmail.com&#8221; submit_button_text=&#8221;Envoyez&#8221; module_id=&#8221;et_pb_contact_form_0&#8243; _builder_version=&#8221;4.9.4&#8243; form_field_background_color=&#8221;#FFFFFF&#8221; title_font=&#8221;Alice||||||||&#8221; title_text_align=&#8221;center&#8221; title_font_size=&#8221;36px&#8221; title_line_height=&#8221;1.5em&#8221; form_field_font=&#8221;||||||||&#8221; form_field_font_size=&#8221;16px&#8221; custom_button=&#8221;on&#8221; button_text_size=&#8221;14px&#8221; button_text_color=&#8221;#2a2a2a&#8221; button_bg_color=&#8221;#e0c588&#8243; button_border_width=&#8221;12px&#8221; button_border_color=&#8221;#e0c588&#8243; button_border_radius=&#8221;30px&#8221; button_letter_spacing=&#8221;2px&#8221; button_font=&#8221;Poppins|600||on|||||&#8221; button_use_icon=&#8221;off&#8221; max_width=&#8221;800px&#8221; module_alignment=&#8221;center&#8221; animation_style=&#8221;fade&#8221; hover_enabled=&#8221;0&#8243; border_width_all=&#8221;1px&#8221; border_color_all=&#8221;rgba(0,0,0,0.12)&#8221; form_background_color=&#8221;rgba(255,255,255,0)&#8221; button_text_color_hover=&#8221;#2a2a2a&#8221; button_bg_color_hover=&#8221;#e0c588&#8243; button_border_color_hover=&#8221;#e0c588&#8243; button_border_radius_hover=&#8221;30px&#8221; button_letter_spacing_hover=&#8221;2px&#8221; locked=&#8221;off&#8221; sticky_enabled=&#8221;0&#8243;][et_pb_contact_field field_id=&#8221;Name&#8221; field_title=&#8221;Nom&#8221; _builder_version=&#8221;4.8.1&#8243; form_field_font=&#8221;||||||||&#8221; button_text_size__hover_enabled=&#8221;off&#8221; button_one_text_size__hover_enabled=&#8221;off&#8221; button_two_text_size__hover_enabled=&#8221;off&#8221; button_text_color__hover_enabled=&#8221;off&#8221; button_one_text_color__hover_enabled=&#8221;off&#8221; button_two_text_color__hover_enabled=&#8221;off&#8221; button_border_width__hover_enabled=&#8221;off&#8221; button_one_border_width__hover_enabled=&#8221;off&#8221; button_two_border_width__hover_enabled=&#8221;off&#8221; button_border_color__hover_enabled=&#8221;off&#8221; button_one_border_color__hover_enabled=&#8221;off&#8221; button_two_border_color__hover_enabled=&#8221;off&#8221; button_border_radius__hover_enabled=&#8221;off&#8221; button_one_border_radius__hover_enabled=&#8221;off&#8221; button_two_border_radius__hover_enabled=&#8221;off&#8221; button_letter_spacing__hover_enabled=&#8221;off&#8221; button_one_letter_spacing__hover_enabled=&#8221;off&#8221; button_two_letter_spacing__hover_enabled=&#8221;off&#8221; button_bg_color__hover_enabled=&#8221;off&#8221; button_one_bg_color__hover_enabled=&#8221;off&#8221; button_two_bg_color__hover_enabled=&#8221;off&#8221;][\/et_pb_contact_field][et_pb_contact_field field_id=&#8221;Email&#8221; field_title=&#8221;Email&#8221; field_type=&#8221;email&#8221; _builder_version=&#8221;4.8.1&#8243; hover_enabled=&#8221;0&#8243; button_text_size__hover_enabled=&#8221;off&#8221; button_one_text_size__hover_enabled=&#8221;off&#8221; button_two_text_size__hover_enabled=&#8221;off&#8221; button_text_color__hover_enabled=&#8221;off&#8221; button_one_text_color__hover_enabled=&#8221;off&#8221; button_two_text_color__hover_enabled=&#8221;off&#8221; button_border_width__hover_enabled=&#8221;off&#8221; button_one_border_width__hover_enabled=&#8221;off&#8221; button_two_border_width__hover_enabled=&#8221;off&#8221; button_border_color__hover_enabled=&#8221;off&#8221; button_one_border_color__hover_enabled=&#8221;off&#8221; button_two_border_color__hover_enabled=&#8221;off&#8221; button_border_radius__hover_enabled=&#8221;off&#8221; button_one_border_radius__hover_enabled=&#8221;off&#8221; button_two_border_radius__hover_enabled=&#8221;off&#8221; button_letter_spacing__hover_enabled=&#8221;off&#8221; button_one_letter_spacing__hover_enabled=&#8221;off&#8221; button_two_letter_spacing__hover_enabled=&#8221;off&#8221; button_bg_color__hover_enabled=&#8221;off&#8221; button_one_bg_color__hover_enabled=&#8221;off&#8221; button_two_bg_color__hover_enabled=&#8221;off&#8221; sticky_enabled=&#8221;0&#8243;][\/et_pb_contact_field][et_pb_contact_field field_id=&#8221;Message&#8221; field_title=&#8221;Message&#8221; field_type=&#8221;text&#8221; fullwidth_field=&#8221;on&#8221; _builder_version=&#8221;4.8.1&#8243; button_text_size__hover_enabled=&#8221;off&#8221; button_one_text_size__hover_enabled=&#8221;off&#8221; button_two_text_size__hover_enabled=&#8221;off&#8221; button_text_color__hover_enabled=&#8221;off&#8221; button_one_text_color__hover_enabled=&#8221;off&#8221; button_two_text_color__hover_enabled=&#8221;off&#8221; button_border_width__hover_enabled=&#8221;off&#8221; button_one_border_width__hover_enabled=&#8221;off&#8221; button_two_border_width__hover_enabled=&#8221;off&#8221; button_border_color__hover_enabled=&#8221;off&#8221; button_one_border_color__hover_enabled=&#8221;off&#8221; button_two_border_color__hover_enabled=&#8221;off&#8221; button_border_radius__hover_enabled=&#8221;off&#8221; button_one_border_radius__hover_enabled=&#8221;off&#8221; button_two_border_radius__hover_enabled=&#8221;off&#8221; button_letter_spacing__hover_enabled=&#8221;off&#8221; button_one_letter_spacing__hover_enabled=&#8221;off&#8221; button_two_letter_spacing__hover_enabled=&#8221;off&#8221; button_bg_color__hover_enabled=&#8221;off&#8221; button_one_bg_color__hover_enabled=&#8221;off&#8221; button_two_bg_color__hover_enabled=&#8221;off&#8221;][\/et_pb_contact_field][\/et_pb_contact_form][\/et_pb_column][\/et_pb_row][\/et_pb_section]<\/p>\n","protected":false},"excerpt":{"rendered":"<p>&nbsp; Bonjour, vous trouverez ici tous les ateliers que nous proposons, n&#8217;h\u00e9sitez pas \u00e0 nous contacter pour des ateliers priv\u00e9s, ou pour tout autre renseignements&#8230; \ud83d\ude42 &nbsp;Vous voulez un rensignement ? Ne soyez pas timide, posez vos questions<\/p>\n","protected":false},"author":2,"featured_media":0,"parent":0,"menu_order":0,"comment_status":"closed","ping_status":"closed","template":"","meta":{"_et_pb_use_builder":"on","_et_pb_old_content":"","_et_gb_content_width":"","spay_email":"","footnotes":""},"class_list":["post-42","page","type-page","status-publish","hentry"],"_links":{"self":[{"href":"https:\/\/atelierdeschoses.org\/index.php\/wp-json\/wp\/v2\/pages\/42","targetHints":{"allow":["GET"]}}],"collection":[{"href":"https:\/\/atelierdeschoses.org\/index.php\/wp-json\/wp\/v2\/pages"}],"about":[{"href":"https:\/\/atelierdeschoses.org\/index.php\/wp-json\/wp\/v2\/types\/page"}],"author":[{"embeddable":true,"href":"https:\/\/atelierdeschoses.org\/index.php\/wp-json\/wp\/v2\/users\/2"}],"replies":[{"embeddable":true,"href":"https:\/\/atelierdeschoses.org\/index.php\/wp-json\/wp\/v2\/comments?post=42"}],"version-history":[{"count":5,"href":"https:\/\/atelierdeschoses.org\/index.php\/wp-json\/wp\/v2\/pages\/42\/revisions"}],"predecessor-version":[{"id":60,"href":"https:\/\/atelierdeschoses.org\/index.php\/wp-json\/wp\/v2\/pages\/42\/revisions\/60"}],"wp:attachment":[{"href":"https:\/\/atelierdeschoses.org\/index.php\/wp-json\/wp\/v2\/media?parent=42"}],"curies":[{"name":"wp","href":"https:\/\/api.w.org\/{rel}","templated":true}]}}