{"id":246,"date":"2021-12-01T15:30:37","date_gmt":"2021-12-01T14:30:37","guid":{"rendered":"https:\/\/atelierdeschoses.org\/?post_type=product&#038;p=246"},"modified":"2021-12-01T15:31:34","modified_gmt":"2021-12-01T14:31:34","slug":"sapin-3d-en-carton","status":"publish","type":"product","link":"https:\/\/atelierdeschoses.org\/index.php\/produit\/sapin-3d-en-carton\/","title":{"rendered":"Sapin 3D en carton"},"content":{"rendered":"<p>Ces sapins sont a assembler, vous pouvez les d\u00e9corer comme bon vous semble.. ou les laisser aux petits artistes pour qu&#8217;ils participent \u00e0 la d\u00e9co de Noel&#8230;<\/p>\n","protected":false},"excerpt":{"rendered":"<p>Ces sapins sont a assembler, vous pouvez les d\u00e9corer comme bon vous semble.. ou les laisser aux petits artistes pour qu&#8217;ils participent \u00e0 la d\u00e9co de Noel&#8230;<\/p>\n","protected":false},"featured_media":211,"comment_status":"open","ping_status":"closed","template":"","meta":{"_et_pb_use_builder":"","_et_pb_old_content":"","_et_gb_content_width":"","spay_email":""},"product_cat":[25],"product_tag":[],"class_list":["post-246","product","type-product","status-publish","has-post-thumbnail","hentry","product_cat-decor"],"_links":{"self":[{"href":"https:\/\/atelierdeschoses.org\/index.php\/wp-json\/wp\/v2\/product\/246","targetHints":{"allow":["GET"]}}],"collection":[{"href":"https:\/\/atelierdeschoses.org\/index.php\/wp-json\/wp\/v2\/product"}],"about":[{"href":"https:\/\/atelierdeschoses.org\/index.php\/wp-json\/wp\/v2\/types\/product"}],"replies":[{"embeddable":true,"href":"https:\/\/atelierdeschoses.org\/index.php\/wp-json\/wp\/v2\/comments?post=246"}],"wp:featuredmedia":[{"embeddable":true,"href":"https:\/\/atelierdeschoses.org\/index.php\/wp-json\/wp\/v2\/media\/211"}],"wp:attachment":[{"href":"https:\/\/atelierdeschoses.org\/index.php\/wp-json\/wp\/v2\/media?parent=246"}],"wp:term":[{"taxonomy":"product_cat","embeddable":true,"href":"https:\/\/atelierdeschoses.org\/index.php\/wp-json\/wp\/v2\/product_cat?post=246"},{"taxonomy":"product_tag","embeddable":true,"href":"https:\/\/atelierdeschoses.org\/index.php\/wp-json\/wp\/v2\/product_tag?post=246"}],"curies":[{"name":"wp","href":"https:\/\/api.w.org\/{rel}","templated":true}]}}